{"id":11,"date":"2019-06-07T09:27:06","date_gmt":"2019-06-07T09:27:06","guid":{"rendered":"https:\/\/vanhaonkicom.test.cchosting.fi\/?page_id=11"},"modified":"2025-05-01T10:35:40","modified_gmt":"2025-05-01T07:35:40","slug":"ota-yhteytta","status":"publish","type":"page","link":"https:\/\/vanhaonki.com\/?page_id=11","title":{"rendered":"Yhdistys"},"content":{"rendered":"\n<figure class=\"wp-block-image size-large\"><img data-recalc-dims=\"1\" loading=\"lazy\" decoding=\"async\" width=\"751\" height=\"1024\" src=\"https:\/\/i0.wp.com\/vanhaonki.com\/wp-content\/uploads\/2024\/10\/Vuosikokous-kutsu-2025-Turku.png?resize=751%2C1024\" alt=\"\" class=\"wp-image-896\" srcset=\"https:\/\/i0.wp.com\/vanhaonki.com\/wp-content\/uploads\/2024\/10\/Vuosikokous-kutsu-2025-Turku.png?resize=751%2C1024&amp;ssl=1 751w, https:\/\/i0.wp.com\/vanhaonki.com\/wp-content\/uploads\/2024\/10\/Vuosikokous-kutsu-2025-Turku.png?resize=220%2C300&amp;ssl=1 220w, https:\/\/i0.wp.com\/vanhaonki.com\/wp-content\/uploads\/2024\/10\/Vuosikokous-kutsu-2025-Turku.png?resize=768%2C1048&amp;ssl=1 768w, https:\/\/i0.wp.com\/vanhaonki.com\/wp-content\/uploads\/2024\/10\/Vuosikokous-kutsu-2025-Turku.png?resize=1126%2C1536&amp;ssl=1 1126w, https:\/\/i0.wp.com\/vanhaonki.com\/wp-content\/uploads\/2024\/10\/Vuosikokous-kutsu-2025-Turku.png?w=1200&amp;ssl=1 1200w\" sizes=\"auto, (max-width: 751px) 85vw, 751px\" \/><\/figure>\n\n\n<h1>Tervetuloa Wanhat Wehkeet ja Wieheet ry:n kotisivuille!<\/h1>\n<p>Sivuiltamme l\u00f6yd\u00e4t tuoreimmat seuran toimintaan liityyv\u00e4t uutiset ja tapahtumat. Olemme jJ\u00e4rjest\u00e4neet\u00a0 yhteisty\u00f6ss\u00e4 Mets\u00e4stys ja Kalastus -lehden kanssa Vuoden Wiehe kilpailun, jonka satoon p\u00e4\u00e4set tutustumaan sivujemme kautta. Olemme teett\u00e4neet numeroidun sarjan vain j\u00e4senist\u00f6llemme myyt\u00e4vi\u00e4 yhdistyksemme vuosivaappuja jollakin tunnetulla suomalaisella tekij\u00e4ll\u00e4. Yhdistyksen perustiedot ja toimiva hallitus yhteystietoineen l\u00f6ytyy Seura -osioista, josta l\u00f6yd\u00e4t my\u00f6s<\/p>\n<p>Huutokaupat on yksi keskeisimmist\u00e4 toimintamuodoistamme. Huutokaupat ovat mainio kanava realisoida vanhoja kalastustarvikkeita ja t\u00e4ydent\u00e4\u00e4 kokoelmia. Vanhoista huutokauppalistauksista l\u00f6yd\u00e4t my\u00f6s runsaasti tietoa vanhojen uistinten ja muiden kalastusv\u00e4lineiden tunnistamiseen ja arviointiin.<\/p>\n<h1>Tietoa yhdistyksest\u00e4<\/h1>\n<p>Wanhat Wehkeet ja Wieheet ry on vuonna 2005 perustettu rekister\u00f6ity yhdistys, jonka tarkoituksena on yhdist\u00e4\u00e4 Suomen urheilukalastuksen historian ja siihen liittyvien v\u00e4lineiden tutkijoita ja ker\u00e4ilij\u00f6it\u00e4 sek\u00e4 edist\u00e4\u00e4 urheilukalastuskulttuurin tuntemusta.<\/p>\n<p>Seura j\u00e4rjest\u00e4\u00e4 vuosittain, yleens\u00e4 kaksi, ensisijaisesti j\u00e4senille suunnattua kalastusv\u00e4linehuutokauppaa. Huutokaupat ovat avoimia joten kaikki alasta kiinnostuneet henkil\u00f6t ovat niihin tervetulleita. Lis\u00e4ksi j\u00e4rjestet\u00e4\u00e4n j\u00e4senist\u00f6lle suunnattuja seminaareja sek\u00e4 vuoden wiehe kilpailu.<\/p>\n<h1>Hallitus<\/h1>\n<h3>J\u00e4senet:<\/h3>\n<table border=\"0\" cellspacing=\"0\" cellpadding=\"0\">\n<tbody>\n<tr>\n<td><strong>Jori Paukkonen \u00a0<\/strong> Puheenjohtaja<\/td>\n<td align=\"right\"><strong>Timo Piiparinen<\/strong>\u00a0Rahastonhoitaja<\/td>\n<\/tr>\n<tr>\n<td><strong>Timo K\u00e4rkk\u00e4inen<\/strong>\u00a0Varapuheenjohtaja<\/td>\n<td align=\"right\">\u00a0<\/td>\n<\/tr>\n<tr>\n<td><strong>Jukka Suomi<\/strong>\u00a0Sihteeri<\/td>\n<td align=\"right\"><strong>Samuli Ritvanen<\/strong>\u00a0J\u00e4sen<\/td>\n<\/tr>\n<\/tbody>\n<\/table>\n<h3>Varaj\u00e4senet:<\/h3>\n<table border=\"0\" cellspacing=\"0\" cellpadding=\"0\">\n<tbody>\n<tr>\n<td align=\"left\"><strong>Markku Lepist\u00f6<\/strong><\/td>\n<td align=\"right\">\u00a0<\/td>\n<\/tr>\n<tr>\n<td align=\"left\"><strong>Veli Viitala<\/strong><\/td>\n<td align=\"right\">\u00a0<\/td>\n<\/tr>\n<\/tbody>\n<\/table>\n<div id=\"blockStyle972Main7\" class=\" ccm-block-styles\">\u00a0<\/div>","protected":false},"excerpt":{"rendered":"<p>Tervetuloa Wanhat Wehkeet ja Wieheet ry:n kotisivuille! Sivuiltamme l\u00f6yd\u00e4t tuoreimmat seuran toimintaan liityyv\u00e4t uutiset ja tapahtumat. Olemme jJ\u00e4rjest\u00e4neet\u00a0 yhteisty\u00f6ss\u00e4 Mets\u00e4stys ja Kalastus -lehden kanssa Vuoden Wiehe kilpailun, jonka satoon p\u00e4\u00e4set tutustumaan sivujemme kautta. Olemme teett\u00e4neet numeroidun sarjan vain j\u00e4senist\u00f6llemme myyt\u00e4vi\u00e4 yhdistyksemme vuosivaappuja jollakin tunnetulla suomalaisella tekij\u00e4ll\u00e4. Yhdistyksen perustiedot ja toimiva hallitus yhteystietoineen l\u00f6ytyy Seura -osioista, &hellip; <a href=\"https:\/\/vanhaonki.com\/?page_id=11\" class=\"more-link\">Jatka lukemista<span class=\"screen-reader-text\"> &#8221;Yhdistys&#8221;<\/span><\/a><\/p>\n","protected":false},"author":1,"featured_media":0,"parent":0,"menu_order":0,"comment_status":"closed","ping_status":"closed","template":"","meta":{"_bbp_topic_count":0,"_bbp_reply_count":0,"_bbp_total_topic_count":0,"_bbp_total_reply_count":0,"_bbp_voice_count":0,"_bbp_anonymous_reply_count":0,"_bbp_topic_count_hidden":0,"_bbp_reply_count_hidden":0,"_bbp_forum_subforum_count":0,"footnotes":""},"class_list":["post-11","page","type-page","status-publish","hentry"],"jetpack_sharing_enabled":true,"_links":{"self":[{"href":"https:\/\/vanhaonki.com\/index.php?rest_route=\/wp\/v2\/pages\/11","targetHints":{"allow":["GET"]}}],"collection":[{"href":"https:\/\/vanhaonki.com\/index.php?rest_route=\/wp\/v2\/pages"}],"about":[{"href":"https:\/\/vanhaonki.com\/index.php?rest_route=\/wp\/v2\/types\/page"}],"author":[{"embeddable":true,"href":"https:\/\/vanhaonki.com\/index.php?rest_route=\/wp\/v2\/users\/1"}],"replies":[{"embeddable":true,"href":"https:\/\/vanhaonki.com\/index.php?rest_route=%2Fwp%2Fv2%2Fcomments&post=11"}],"version-history":[{"count":11,"href":"https:\/\/vanhaonki.com\/index.php?rest_route=\/wp\/v2\/pages\/11\/revisions"}],"predecessor-version":[{"id":899,"href":"https:\/\/vanhaonki.com\/index.php?rest_route=\/wp\/v2\/pages\/11\/revisions\/899"}],"wp:attachment":[{"href":"https:\/\/vanhaonki.com\/index.php?rest_route=%2Fwp%2Fv2%2Fmedia&parent=11"}],"curies":[{"name":"wp","href":"https:\/\/api.w.org\/{rel}","templated":true}]}}